{"id":1714,"date":"2026-03-06T15:21:49","date_gmt":"2026-03-06T14:21:49","guid":{"rendered":"https:\/\/copaconcept.de\/imprint\/"},"modified":"2026-05-12T09:59:20","modified_gmt":"2026-05-12T07:59:20","slug":"imprint","status":"publish","type":"page","link":"https:\/\/copaconcept.de\/en\/imprint\/","title":{"rendered":"Imprint"},"content":{"rendered":"<section class=\"l-section wpb_row copa-container external-link-icon imp-ds copa-break-word height_custom width_custom\" style=\"--site-content-width:1080px;\"><div class=\"l-section-h i-cf\"><div class=\"g-cols vc_row via_grid cols_1 laptops-cols_inherit tablets-cols_inherit mobiles-cols_1 valign_top type_default\" style=\"--columns-gap:0px;\"><div class=\"wpb_column vc_column_container\"><div class=\"vc_column-inner\"><h1 class=\"w-text us_custom_e28eebc5\"><span class=\"w-text-h\"><span class=\"w-text-value\">Imprint<\/span><\/span><\/h1><div class=\"w-separator size_custom\" style=\"height:3rem\"><\/div><div class=\"wpb_text_column\"><div class=\"wpb_wrapper\"><p><strong>COPA Haar GmbH &amp; Co KG<\/strong><br \/>\nLeibstra\u00dfe 51<br \/>\n85540 Haar<\/p>\n<p><strong>Commercial register:<\/strong> HRA 121647<br \/>\n<strong>Register court:<\/strong> Munich Local Court<\/p>\n<p><strong>Represented by:<\/strong><br \/>\nDOPSI Verwaltungsgesellschaft mbH<\/p>\n<p><strong>Represented by:<\/strong><br \/>\nAndreas Ehehalt<br \/>\nBernd Schosser<\/p>\n<p><strong>Commercial register:<\/strong> HRB 212979<br \/>\n<strong>Register court:<\/strong> Munich Local Court<\/p>\n<\/div><\/div><div class=\"w-separator size_custom\" style=\"height:3rem\"><\/div><div class=\"wpb_text_column\"><div class=\"wpb_wrapper\"><h5>Contact us<\/h5>\n<p>Phone:  <a href=\"tel:+498954444633\">+49 (0)89<\/a>21026061<br \/>\nE-Mail:  <a href=\"mailto:info@copaconcept.de\">info@copaconcept.de<\/a><\/p>\n<\/div><\/div><div class=\"w-separator size_custom\" style=\"height:3rem\"><\/div><div class=\"wpb_text_column\"><div class=\"wpb_wrapper\"><h5>Supervisory authority<\/h5>\n<p><strong>ARGE Heilmittelzulassung Bayern<\/strong><br \/>\nArnulfstra\u00dfe 201a<br \/>\n80634 Munich<br \/>\n<a href=\"https:\/\/www.zulassung-heilmittel.de\/argen\/BAY.html\" target=\"_blank\" rel=\"noopener\">https:\/\/www.zulassung-heilmittel.de\/argen\/BAY.html<\/a><\/p>\n<\/div><\/div><div class=\"w-separator size_custom\" style=\"height:3rem\"><\/div><div class=\"wpb_text_column\"><div class=\"wpb_wrapper\"><h5>Job title and professional regulations<\/h5>\n<p><strong>Job title:<\/strong><br \/>\nPhysiotherapist<\/p>\n<p><strong>Awarded in:<\/strong><br \/>\nGermany<\/p>\n<\/div><\/div><div class=\"w-separator size_custom\" style=\"height:3rem\"><\/div><div class=\"wpb_text_column\"><div class=\"wpb_wrapper\"><h5>Editorially responsible<\/h5>\n<p>Jonas Betzler<\/p>\n<\/div><\/div><div class=\"w-separator size_custom\" style=\"height:3rem\"><\/div><div class=\"wpb_text_column\"><div class=\"wpb_wrapper\"><h5>Consumer dispute resolution \/ universal arbitration board<\/h5>\n<p>We participate in dispute resolution proceedings before a consumer arbitration board. The universal arbitration board of the Zentrum f\u00fcr Schlichtung e.V., Stra\u00dfburger Stra\u00dfe 8, 77694 Kehl am Rhein<a href=\"https:\/\/www.verbraucher-schlichter.de\" target=\"_blank\" rel=\"noopener\">(https:\/\/www.verbraucher-schlichter.de)<\/a> is responsible.<\/p>\n<\/div><\/div><div class=\"w-separator size_custom\" style=\"height:3rem\"><\/div><div class=\"wpb_text_column\"><div class=\"wpb_wrapper\"><p>Source: <a href=\"https:\/\/www.e-recht24.de\/impressum-generator.html\" target=\"_blank\" rel=\"noopener\">https:\/\/www.e-recht24.de\/<wbr><\/wbr>impressum-generator.html<\/a><\/p>\n<\/div><\/div><\/div><\/div><\/div><\/div><\/section>\n","protected":false},"excerpt":{"rendered":"ImprintCOPA Haar GmbH &amp; Co KG Leibstra\u00dfe 51 85540 Haar Commercial register: HRA 121647 Register court: Munich Local Court Represented by: DOPSI Verwaltungsgesellschaft mbH Represented by: Andreas Ehehalt Bernd Schosser Commercial register: HRB 212979 Register court: Munich Local Court Contact us Phone: +49 (0)8921026061 E-Mail: info@copaconcept.de Supervisory authority ARGE Heilmittelzulassung Bayern Arnulfstra\u00dfe 201a 80634 Munich...","protected":false},"author":1,"featured_media":0,"parent":0,"menu_order":20,"comment_status":"closed","ping_status":"closed","template":"","meta":{"_acf_changed":false,"inline_featured_image":false,"footnotes":""},"class_list":["post-1714","page","type-page","status-publish","hentry"],"acf":[],"_links":{"self":[{"href":"https:\/\/copaconcept.de\/en\/wp-json\/wp\/v2\/pages\/1714","targetHints":{"allow":["GET"]}}],"collection":[{"href":"https:\/\/copaconcept.de\/en\/wp-json\/wp\/v2\/pages"}],"about":[{"href":"https:\/\/copaconcept.de\/en\/wp-json\/wp\/v2\/types\/page"}],"author":[{"embeddable":true,"href":"https:\/\/copaconcept.de\/en\/wp-json\/wp\/v2\/users\/1"}],"replies":[{"embeddable":true,"href":"https:\/\/copaconcept.de\/en\/wp-json\/wp\/v2\/comments?post=1714"}],"version-history":[{"count":10,"href":"https:\/\/copaconcept.de\/en\/wp-json\/wp\/v2\/pages\/1714\/revisions"}],"predecessor-version":[{"id":2559,"href":"https:\/\/copaconcept.de\/en\/wp-json\/wp\/v2\/pages\/1714\/revisions\/2559"}],"wp:attachment":[{"href":"https:\/\/copaconcept.de\/en\/wp-json\/wp\/v2\/media?parent=1714"}],"curies":[{"name":"wp","href":"https:\/\/api.w.org\/{rel}","templated":true}]}}